{"id":32537,"date":"2024-05-13T15:33:35","date_gmt":"2024-05-13T15:33:35","guid":{"rendered":"https:\/\/www.leibniz-inm.de\/wissenschaftlicher-beirat\/"},"modified":"2026-03-30T15:23:54","modified_gmt":"2026-03-30T15:23:54","slug":"scientific-advisory-board","status":"publish","type":"page","link":"https:\/\/www.leibniz-inm.de\/en\/scientific-advisory-board\/","title":{"rendered":"Scientific Advisory Board"},"content":{"rendered":"\n<div class=\"wp-block-columns is-layout-flex wp-container-core-columns-is-layout-9d6595d7 wp-block-columns-is-layout-flex\">\n<div class=\"wp-block-column is-layout-flow wp-block-column-is-layout-flow\" style=\"flex-basis:66.66%\">\n<p class=\"has-medium-font-size\">The Scientific Advisory Board<strong> <\/strong>advises INM and its bodies on scientific and structural matters. It monitors and advises the multiyear research program of the institute, the Program Budget, the decisions for appointment of new Scientific Units, and the cooperation with scientific institutions and industry. It consists of internationally recognized experts in scientific research and innovation from academic institutions and industry worldwide.<\/p>\n<\/div>\n\n\n\n<div class=\"wp-block-column is-layout-flow wp-block-column-is-layout-flow\" style=\"flex-basis:33.33%\"><\/div>\n<\/div>\n\n\n\n<div style=\"height:50px\" aria-hidden=\"true\" class=\"wp-block-spacer\"><\/div>\n\n\n\n<h3 class=\"wp-block-heading\">Members of the Scientific Advisory Board<\/h3>\n\n\n\n<ul class=\"wp-block-list\">\n<li>Prof. Dr. Hartmut L\u00f6wen, Heinrich Heine Universit\u00e4t D\u00fcsseldorf (Vorsitzender)<\/li>\n\n\n\n<li>Prof. Dr. Karin Jacobs, Universit\u00e4t des Saarlandes, Saarbr\u00fccken (stv. Vorsitzende)<\/li>\n\n\n\n<li>Prof. Dr.-Ing. habil. Rainer Fechte-Heinen, Leibniz-Institut f\u00fcr Werkstofforientierte Technologien, Bremen<\/li>\n\n\n\n<li>Prof. Dr. Anna Fischer, University of Freiburg<\/li>\n\n\n\n<li>Dr. Andrea Hanefeld, Merck Life Science<\/li>\n\n\n\n<li>Prof. Dr. Katharina Landfester, Max-Planck-Institut f\u00fcr Polymerforschung, Mainz<\/li>\n\n\n\n<li>Prof. Dr. St\u00e9phane Lemaire, CNRE \/ Universit\u00e9 Sorbonne, Paris<\/li>\n\n\n\n<li>Prof. Dr. Anke Lindner, Universit\u00e9 Sorbonne, Paris, France<\/li>\n\n\n\n<li>Dr. Heinz Lubenau, NEC Bio Therapeutics, Mannheim<\/li>\n\n\n\n<li>Max G. Ostermeier, Implandata Ophthalmic Products GmbH, Hannover<\/li>\n\n\n\n<li>Dr. Volker Sch\u00e4dler, BASF Polyurethanes GmbH, Lemf\u00f6rde<\/li>\n\n\n\n<li>Prof. Dr. J\u00fcrgen Steimle, Universit\u00e4t des Saarlandes, Saarbr\u00fccken<\/li>\n<\/ul>\n\n\n\n<div style=\"height:200px\" aria-hidden=\"true\" class=\"wp-block-spacer\"><\/div>\n","protected":false},"excerpt":{"rendered":"<p>The Scientific Advisory Board advises INM and its bodies on scientific and structural matters. It monitors and advises the multiyear research program of the institute, the Program Budget, the decisions for appointment of new Scientific Units, and the cooperation with scientific institutions and industry. It consists of internationally recognized experts in scientific research and innovation [&hellip;]<\/p>\n","protected":false},"author":2,"featured_media":0,"parent":0,"menu_order":0,"comment_status":"closed","ping_status":"closed","template":"","meta":{"_acf_changed":false,"footnotes":""},"class_list":["post-32537","page","type-page","status-publish","hentry"],"acf":[],"yoast_head":"<!-- This site is optimized with the Yoast SEO plugin v27.3 - https:\/\/yoast.com\/product\/yoast-seo-wordpress\/ -->\n<title>Scientific Advisory Board - INM<\/title>\n<meta name=\"description\" content=\"Scientific Advisory Board \u2013 Eine Seite des Leibniz-Instituts f\u00fcr Neue Materialien (INM).\" \/>\n<meta name=\"robots\" content=\"index, follow, max-snippet:-1, max-image-preview:large, max-video-preview:-1\" \/>\n<link rel=\"canonical\" href=\"https:\/\/www.leibniz-inm.de\/en\/scientific-advisory-board\/\" \/>\n<meta property=\"og:locale\" content=\"en_US\" \/>\n<meta property=\"og:type\" content=\"article\" \/>\n<meta property=\"og:title\" content=\"Scientific Advisory Board - INM\" \/>\n<meta property=\"og:description\" content=\"Scientific Advisory Board \u2013 Eine Seite des Leibniz-Instituts f\u00fcr Neue Materialien (INM).\" \/>\n<meta property=\"og:url\" content=\"https:\/\/www.leibniz-inm.de\/en\/scientific-advisory-board\/\" \/>\n<meta property=\"og:site_name\" content=\"INM\" \/>\n<meta property=\"article:modified_time\" content=\"2026-03-30T15:23:54+00:00\" \/>\n<meta property=\"og:image\" content=\"https:\/\/www.leibniz-inm.de\/wp-content\/uploads\/2024\/03\/INM-Logo-Regular_en.png\" \/>\n\t<meta property=\"og:image:width\" content=\"1200\" \/>\n\t<meta property=\"og:image:height\" content=\"1085\" \/>\n\t<meta property=\"og:image:type\" content=\"image\/png\" \/>\n<meta name=\"twitter:card\" content=\"summary_large_image\" \/>\n<meta name=\"twitter:site\" content=\"@Leibniz_INM\" \/>\n<meta name=\"twitter:label1\" content=\"Est. reading time\" \/>\n\t<meta name=\"twitter:data1\" content=\"1 minute\" \/>\n<script type=\"application\/ld+json\" class=\"yoast-schema-graph\">{\"@context\":\"https:\\\/\\\/schema.org\",\"@graph\":[{\"@type\":\"WebPage\",\"@id\":\"https:\\\/\\\/www.leibniz-inm.de\\\/en\\\/scientific-advisory-board\\\/\",\"url\":\"https:\\\/\\\/www.leibniz-inm.de\\\/en\\\/scientific-advisory-board\\\/\",\"name\":\"Scientific Advisory Board - INM\",\"isPartOf\":{\"@id\":\"https:\\\/\\\/www.leibniz-inm.de\\\/en\\\/#website\"},\"datePublished\":\"2024-05-13T15:33:35+00:00\",\"dateModified\":\"2026-03-30T15:23:54+00:00\",\"description\":\"Scientific Advisory Board \u2013 Eine Seite des Leibniz-Instituts f\u00fcr Neue Materialien (INM).\",\"breadcrumb\":{\"@id\":\"https:\\\/\\\/www.leibniz-inm.de\\\/en\\\/scientific-advisory-board\\\/#breadcrumb\"},\"inLanguage\":\"en-US\",\"potentialAction\":[{\"@type\":\"ReadAction\",\"target\":[\"https:\\\/\\\/www.leibniz-inm.de\\\/en\\\/scientific-advisory-board\\\/\"]}]},{\"@type\":\"BreadcrumbList\",\"@id\":\"https:\\\/\\\/www.leibniz-inm.de\\\/en\\\/scientific-advisory-board\\\/#breadcrumb\",\"itemListElement\":[{\"@type\":\"ListItem\",\"position\":1,\"name\":\"Home\",\"item\":\"https:\\\/\\\/www.leibniz-inm.de\\\/en\\\/\"},{\"@type\":\"ListItem\",\"position\":2,\"name\":\"Scientific Advisory Board\"}]},{\"@type\":\"WebSite\",\"@id\":\"https:\\\/\\\/www.leibniz-inm.de\\\/en\\\/#website\",\"url\":\"https:\\\/\\\/www.leibniz-inm.de\\\/en\\\/\",\"name\":\"INM\",\"description\":\"\",\"publisher\":{\"@id\":\"https:\\\/\\\/www.leibniz-inm.de\\\/en\\\/#organization\"},\"alternateName\":\"Leibniz Institute for New Materials\",\"potentialAction\":[{\"@type\":\"SearchAction\",\"target\":{\"@type\":\"EntryPoint\",\"urlTemplate\":\"https:\\\/\\\/www.leibniz-inm.de\\\/en\\\/?s={search_term_string}\"},\"query-input\":{\"@type\":\"PropertyValueSpecification\",\"valueRequired\":true,\"valueName\":\"search_term_string\"}}],\"inLanguage\":\"en-US\"},{\"@type\":\"Organization\",\"@id\":\"https:\\\/\\\/www.leibniz-inm.de\\\/en\\\/#organization\",\"name\":\"Leibniz Institute for New Materials\",\"url\":\"https:\\\/\\\/www.leibniz-inm.de\\\/en\\\/\",\"logo\":{\"@type\":\"ImageObject\",\"inLanguage\":\"en-US\",\"@id\":\"https:\\\/\\\/www.leibniz-inm.de\\\/en\\\/#\\\/schema\\\/logo\\\/image\\\/\",\"url\":\"https:\\\/\\\/www.leibniz-inm.de\\\/wp-content\\\/uploads\\\/2024\\\/03\\\/INM-Logo-Regular_en.png\",\"contentUrl\":\"https:\\\/\\\/www.leibniz-inm.de\\\/wp-content\\\/uploads\\\/2024\\\/03\\\/INM-Logo-Regular_en.png\",\"width\":1200,\"height\":1085,\"caption\":\"Leibniz Institute for New Materials\"},\"image\":{\"@id\":\"https:\\\/\\\/www.leibniz-inm.de\\\/en\\\/#\\\/schema\\\/logo\\\/image\\\/\"},\"sameAs\":[\"https:\\\/\\\/x.com\\\/Leibniz_INM\",\"https:\\\/\\\/www.instagram.com\\\/leibniz_inm\\\/\",\"https:\\\/\\\/www.youtube.com\\\/@leibniz_inm\\\/\",\"https:\\\/\\\/www.linkedin.com\\\/company\\\/inm-leibniz-institute-for-new-materials\\\/\",\"https:\\\/\\\/bsky.app\\\/profile\\\/leibnizinm.bsky.social\"]}]}<\/script>\n<!-- \/ Yoast SEO plugin. -->","yoast_head_json":{"title":"Scientific Advisory Board - INM","description":"Scientific Advisory Board \u2013 Eine Seite des Leibniz-Instituts f\u00fcr Neue Materialien (INM).","robots":{"index":"index","follow":"follow","max-snippet":"max-snippet:-1","max-image-preview":"max-image-preview:large","max-video-preview":"max-video-preview:-1"},"canonical":"https:\/\/www.leibniz-inm.de\/en\/scientific-advisory-board\/","og_locale":"en_US","og_type":"article","og_title":"Scientific Advisory Board - INM","og_description":"Scientific Advisory Board \u2013 Eine Seite des Leibniz-Instituts f\u00fcr Neue Materialien (INM).","og_url":"https:\/\/www.leibniz-inm.de\/en\/scientific-advisory-board\/","og_site_name":"INM","article_modified_time":"2026-03-30T15:23:54+00:00","og_image":[{"width":1200,"height":1085,"url":"https:\/\/www.leibniz-inm.de\/wp-content\/uploads\/2024\/03\/INM-Logo-Regular_en.png","type":"image\/png"}],"twitter_card":"summary_large_image","twitter_site":"@Leibniz_INM","twitter_misc":{"Est. reading time":"1 minute"},"schema":{"@context":"https:\/\/schema.org","@graph":[{"@type":"WebPage","@id":"https:\/\/www.leibniz-inm.de\/en\/scientific-advisory-board\/","url":"https:\/\/www.leibniz-inm.de\/en\/scientific-advisory-board\/","name":"Scientific Advisory Board - INM","isPartOf":{"@id":"https:\/\/www.leibniz-inm.de\/en\/#website"},"datePublished":"2024-05-13T15:33:35+00:00","dateModified":"2026-03-30T15:23:54+00:00","description":"Scientific Advisory Board \u2013 Eine Seite des Leibniz-Instituts f\u00fcr Neue Materialien (INM).","breadcrumb":{"@id":"https:\/\/www.leibniz-inm.de\/en\/scientific-advisory-board\/#breadcrumb"},"inLanguage":"en-US","potentialAction":[{"@type":"ReadAction","target":["https:\/\/www.leibniz-inm.de\/en\/scientific-advisory-board\/"]}]},{"@type":"BreadcrumbList","@id":"https:\/\/www.leibniz-inm.de\/en\/scientific-advisory-board\/#breadcrumb","itemListElement":[{"@type":"ListItem","position":1,"name":"Home","item":"https:\/\/www.leibniz-inm.de\/en\/"},{"@type":"ListItem","position":2,"name":"Scientific Advisory Board"}]},{"@type":"WebSite","@id":"https:\/\/www.leibniz-inm.de\/en\/#website","url":"https:\/\/www.leibniz-inm.de\/en\/","name":"INM","description":"","publisher":{"@id":"https:\/\/www.leibniz-inm.de\/en\/#organization"},"alternateName":"Leibniz Institute for New Materials","potentialAction":[{"@type":"SearchAction","target":{"@type":"EntryPoint","urlTemplate":"https:\/\/www.leibniz-inm.de\/en\/?s={search_term_string}"},"query-input":{"@type":"PropertyValueSpecification","valueRequired":true,"valueName":"search_term_string"}}],"inLanguage":"en-US"},{"@type":"Organization","@id":"https:\/\/www.leibniz-inm.de\/en\/#organization","name":"Leibniz Institute for New Materials","url":"https:\/\/www.leibniz-inm.de\/en\/","logo":{"@type":"ImageObject","inLanguage":"en-US","@id":"https:\/\/www.leibniz-inm.de\/en\/#\/schema\/logo\/image\/","url":"https:\/\/www.leibniz-inm.de\/wp-content\/uploads\/2024\/03\/INM-Logo-Regular_en.png","contentUrl":"https:\/\/www.leibniz-inm.de\/wp-content\/uploads\/2024\/03\/INM-Logo-Regular_en.png","width":1200,"height":1085,"caption":"Leibniz Institute for New Materials"},"image":{"@id":"https:\/\/www.leibniz-inm.de\/en\/#\/schema\/logo\/image\/"},"sameAs":["https:\/\/x.com\/Leibniz_INM","https:\/\/www.instagram.com\/leibniz_inm\/","https:\/\/www.youtube.com\/@leibniz_inm\/","https:\/\/www.linkedin.com\/company\/inm-leibniz-institute-for-new-materials\/","https:\/\/bsky.app\/profile\/leibnizinm.bsky.social"]}]}},"_links":{"self":[{"href":"https:\/\/www.leibniz-inm.de\/en\/wp-json\/wp\/v2\/pages\/32537","targetHints":{"allow":["GET"]}}],"collection":[{"href":"https:\/\/www.leibniz-inm.de\/en\/wp-json\/wp\/v2\/pages"}],"about":[{"href":"https:\/\/www.leibniz-inm.de\/en\/wp-json\/wp\/v2\/types\/page"}],"author":[{"embeddable":true,"href":"https:\/\/www.leibniz-inm.de\/en\/wp-json\/wp\/v2\/users\/2"}],"replies":[{"embeddable":true,"href":"https:\/\/www.leibniz-inm.de\/en\/wp-json\/wp\/v2\/comments?post=32537"}],"version-history":[{"count":8,"href":"https:\/\/www.leibniz-inm.de\/en\/wp-json\/wp\/v2\/pages\/32537\/revisions"}],"predecessor-version":[{"id":46182,"href":"https:\/\/www.leibniz-inm.de\/en\/wp-json\/wp\/v2\/pages\/32537\/revisions\/46182"}],"wp:attachment":[{"href":"https:\/\/www.leibniz-inm.de\/en\/wp-json\/wp\/v2\/media?parent=32537"}],"curies":[{"name":"wp","href":"https:\/\/api.w.org\/{rel}","templated":true}]}}