{"id":32528,"date":"2024-05-13T15:20:38","date_gmt":"2024-05-13T15:20:38","guid":{"rendered":"https:\/\/www.leibniz-inm.de\/?page_id=32528"},"modified":"2025-06-06T10:39:57","modified_gmt":"2025-06-06T10:39:57","slug":"board-of-trustees","status":"publish","type":"page","link":"https:\/\/www.leibniz-inm.de\/en\/board-of-trustees\/","title":{"rendered":"Board of Trustees"},"content":{"rendered":"\n<div class=\"wp-block-columns is-layout-flex wp-container-core-columns-is-layout-9d6595d7 wp-block-columns-is-layout-flex\">\n<div class=\"wp-block-column is-layout-flow wp-block-column-is-layout-flow\" style=\"flex-basis:66.66%\">\n<p class=\"has-medium-font-size\">The Board of Trustees<strong> <\/strong>supervises the institute\u2019s essential financial, structural, and organizational issues. Essential areas of responsibility include the approval of the scientific and budget plans (Program Budget), the annual financial statement and the activity report, and the appointment of INM Directors. It consists of up to eleven members with representatives of the State of Saarland, the German Federal Government, and Saarland University, a representative of INM\u2019s scientific employees and independent personalities from science and industry.<\/p>\n<\/div>\n\n\n\n<div class=\"wp-block-column is-layout-flow wp-block-column-is-layout-flow\" style=\"flex-basis:33.33%\"><\/div>\n<\/div>\n\n\n\n<div style=\"height:100px\" aria-hidden=\"true\" class=\"wp-block-spacer\"><\/div>\n\n\n\n<h3 class=\"wp-block-heading\"><br><strong>Members of the Board of Trustees<\/strong><\/h3>\n\n\n\n<ul class=\"wp-block-list\">\n<li>Staatssekret\u00e4rin Elena Yorgova-Ramanauskas, Ministerium f\u00fcr Wirtschaft, Digitales, Innovation und Energie des Saarlandes, Saarbr\u00fccken (Chair)<\/li>\n\n\n\n<li>Prof. Dr. Ludger Santen, Universit\u00e4t des Saarlandes, Saarbr\u00fccken (Deputy Chair)<\/li>\n\n\n\n<li>Dr. Peter Zimmer, Bundesministerium f\u00fcr Forschung, Technologie und Raumfahrt, Bonn (Deputy Chair)<\/li>\n\n\n\n<li>Prof. Dr. Klaus-Michael Ahrend, HEAG Holding AG &#8211; Beteiligungsmanagement der Wissenschaftsstadt Darmstadt<\/li>\n\n\n\n<li>Prof. Dr. Roland Bennewitz, INM \u2013 Leibniz Institute for New Materials, Saarbr\u00fccken<\/li>\n\n\n\n<li>Prof. Dr. Matthias Hannig, University Hospital of Saarland, Homburg<\/li>\n\n\n\n<li>Dr. Gabriele Nelles<\/li>\n\n\n\n<li>Dr. Jens Rosenbaum, Ministerium f\u00fcr Wirtschaft, Digitales, Innovation und Energie des Saarlandes, Saarbr\u00fccken<\/li>\n\n\n\n<li>Prof. Dr. Verena Wolf, German Research Center for Artificial Intelligence (DFKI), Saarbr\u00fccken<\/li>\n\n\n\n<li>Doris Woll, Saarl\u00e4ndische Investitionskreditbank AG, Saarbr\u00fccken<\/li>\n<\/ul>\n\n\n\n<div style=\"height:200px\" aria-hidden=\"true\" class=\"wp-block-spacer\"><\/div>\n","protected":false},"excerpt":{"rendered":"<p>The Board of Trustees supervises the institute\u2019s essential financial, structural, and organizational issues. Essential areas of responsibility include the approval of the scientific and budget plans (Program Budget), the annual financial statement and the activity report, and the appointment of INM Directors. It consists of up to eleven members with representatives of the State of [&hellip;]<\/p>\n","protected":false},"author":2,"featured_media":0,"parent":0,"menu_order":0,"comment_status":"closed","ping_status":"closed","template":"","meta":{"_acf_changed":false,"footnotes":""},"class_list":["post-32528","page","type-page","status-publish","hentry"],"acf":[],"yoast_head":"<!-- This site is optimized with the Yoast SEO plugin v27.3 - https:\/\/yoast.com\/product\/yoast-seo-wordpress\/ -->\n<title>Board of Trustees - INM<\/title>\n<meta name=\"description\" content=\"Board of Trustees \u2013 Eine Seite des Leibniz-Instituts f\u00fcr Neue Materialien (INM).\" \/>\n<meta name=\"robots\" content=\"index, follow, max-snippet:-1, max-image-preview:large, max-video-preview:-1\" \/>\n<link rel=\"canonical\" href=\"https:\/\/www.leibniz-inm.de\/en\/board-of-trustees\/\" \/>\n<meta property=\"og:locale\" content=\"en_US\" \/>\n<meta property=\"og:type\" content=\"article\" \/>\n<meta property=\"og:title\" content=\"Board of Trustees - INM\" \/>\n<meta property=\"og:description\" content=\"Board of Trustees \u2013 Eine Seite des Leibniz-Instituts f\u00fcr Neue Materialien (INM).\" \/>\n<meta property=\"og:url\" content=\"https:\/\/www.leibniz-inm.de\/en\/board-of-trustees\/\" \/>\n<meta property=\"og:site_name\" content=\"INM\" \/>\n<meta property=\"article:modified_time\" content=\"2025-06-06T10:39:57+00:00\" \/>\n<meta property=\"og:image\" content=\"https:\/\/www.leibniz-inm.de\/wp-content\/uploads\/2024\/03\/INM-Logo-Regular_en.png\" \/>\n\t<meta property=\"og:image:width\" content=\"1200\" \/>\n\t<meta property=\"og:image:height\" content=\"1085\" \/>\n\t<meta property=\"og:image:type\" content=\"image\/png\" \/>\n<meta name=\"twitter:card\" content=\"summary_large_image\" \/>\n<meta name=\"twitter:site\" content=\"@Leibniz_INM\" \/>\n<meta name=\"twitter:label1\" content=\"Est. reading time\" \/>\n\t<meta name=\"twitter:data1\" content=\"2 minutes\" \/>\n<script type=\"application\/ld+json\" class=\"yoast-schema-graph\">{\"@context\":\"https:\\\/\\\/schema.org\",\"@graph\":[{\"@type\":\"WebPage\",\"@id\":\"https:\\\/\\\/www.leibniz-inm.de\\\/en\\\/board-of-trustees\\\/\",\"url\":\"https:\\\/\\\/www.leibniz-inm.de\\\/en\\\/board-of-trustees\\\/\",\"name\":\"Board of Trustees - INM\",\"isPartOf\":{\"@id\":\"https:\\\/\\\/www.leibniz-inm.de\\\/en\\\/#website\"},\"datePublished\":\"2024-05-13T15:20:38+00:00\",\"dateModified\":\"2025-06-06T10:39:57+00:00\",\"description\":\"Board of Trustees \u2013 Eine Seite des Leibniz-Instituts f\u00fcr Neue Materialien (INM).\",\"breadcrumb\":{\"@id\":\"https:\\\/\\\/www.leibniz-inm.de\\\/en\\\/board-of-trustees\\\/#breadcrumb\"},\"inLanguage\":\"en-US\",\"potentialAction\":[{\"@type\":\"ReadAction\",\"target\":[\"https:\\\/\\\/www.leibniz-inm.de\\\/en\\\/board-of-trustees\\\/\"]}]},{\"@type\":\"BreadcrumbList\",\"@id\":\"https:\\\/\\\/www.leibniz-inm.de\\\/en\\\/board-of-trustees\\\/#breadcrumb\",\"itemListElement\":[{\"@type\":\"ListItem\",\"position\":1,\"name\":\"Home\",\"item\":\"https:\\\/\\\/www.leibniz-inm.de\\\/en\\\/\"},{\"@type\":\"ListItem\",\"position\":2,\"name\":\"Board of Trustees\"}]},{\"@type\":\"WebSite\",\"@id\":\"https:\\\/\\\/www.leibniz-inm.de\\\/en\\\/#website\",\"url\":\"https:\\\/\\\/www.leibniz-inm.de\\\/en\\\/\",\"name\":\"INM\",\"description\":\"\",\"publisher\":{\"@id\":\"https:\\\/\\\/www.leibniz-inm.de\\\/en\\\/#organization\"},\"alternateName\":\"Leibniz Institute for New Materials\",\"potentialAction\":[{\"@type\":\"SearchAction\",\"target\":{\"@type\":\"EntryPoint\",\"urlTemplate\":\"https:\\\/\\\/www.leibniz-inm.de\\\/en\\\/?s={search_term_string}\"},\"query-input\":{\"@type\":\"PropertyValueSpecification\",\"valueRequired\":true,\"valueName\":\"search_term_string\"}}],\"inLanguage\":\"en-US\"},{\"@type\":\"Organization\",\"@id\":\"https:\\\/\\\/www.leibniz-inm.de\\\/en\\\/#organization\",\"name\":\"Leibniz Institute for New Materials\",\"url\":\"https:\\\/\\\/www.leibniz-inm.de\\\/en\\\/\",\"logo\":{\"@type\":\"ImageObject\",\"inLanguage\":\"en-US\",\"@id\":\"https:\\\/\\\/www.leibniz-inm.de\\\/en\\\/#\\\/schema\\\/logo\\\/image\\\/\",\"url\":\"https:\\\/\\\/www.leibniz-inm.de\\\/wp-content\\\/uploads\\\/2024\\\/03\\\/INM-Logo-Regular_en.png\",\"contentUrl\":\"https:\\\/\\\/www.leibniz-inm.de\\\/wp-content\\\/uploads\\\/2024\\\/03\\\/INM-Logo-Regular_en.png\",\"width\":1200,\"height\":1085,\"caption\":\"Leibniz Institute for New Materials\"},\"image\":{\"@id\":\"https:\\\/\\\/www.leibniz-inm.de\\\/en\\\/#\\\/schema\\\/logo\\\/image\\\/\"},\"sameAs\":[\"https:\\\/\\\/x.com\\\/Leibniz_INM\",\"https:\\\/\\\/www.instagram.com\\\/leibniz_inm\\\/\",\"https:\\\/\\\/www.youtube.com\\\/@leibniz_inm\\\/\",\"https:\\\/\\\/www.linkedin.com\\\/company\\\/inm-leibniz-institute-for-new-materials\\\/\",\"https:\\\/\\\/bsky.app\\\/profile\\\/leibnizinm.bsky.social\"]}]}<\/script>\n<!-- \/ Yoast SEO plugin. -->","yoast_head_json":{"title":"Board of Trustees - INM","description":"Board of Trustees \u2013 Eine Seite des Leibniz-Instituts f\u00fcr Neue Materialien (INM).","robots":{"index":"index","follow":"follow","max-snippet":"max-snippet:-1","max-image-preview":"max-image-preview:large","max-video-preview":"max-video-preview:-1"},"canonical":"https:\/\/www.leibniz-inm.de\/en\/board-of-trustees\/","og_locale":"en_US","og_type":"article","og_title":"Board of Trustees - INM","og_description":"Board of Trustees \u2013 Eine Seite des Leibniz-Instituts f\u00fcr Neue Materialien (INM).","og_url":"https:\/\/www.leibniz-inm.de\/en\/board-of-trustees\/","og_site_name":"INM","article_modified_time":"2025-06-06T10:39:57+00:00","og_image":[{"width":1200,"height":1085,"url":"https:\/\/www.leibniz-inm.de\/wp-content\/uploads\/2024\/03\/INM-Logo-Regular_en.png","type":"image\/png"}],"twitter_card":"summary_large_image","twitter_site":"@Leibniz_INM","twitter_misc":{"Est. reading time":"2 minutes"},"schema":{"@context":"https:\/\/schema.org","@graph":[{"@type":"WebPage","@id":"https:\/\/www.leibniz-inm.de\/en\/board-of-trustees\/","url":"https:\/\/www.leibniz-inm.de\/en\/board-of-trustees\/","name":"Board of Trustees - INM","isPartOf":{"@id":"https:\/\/www.leibniz-inm.de\/en\/#website"},"datePublished":"2024-05-13T15:20:38+00:00","dateModified":"2025-06-06T10:39:57+00:00","description":"Board of Trustees \u2013 Eine Seite des Leibniz-Instituts f\u00fcr Neue Materialien (INM).","breadcrumb":{"@id":"https:\/\/www.leibniz-inm.de\/en\/board-of-trustees\/#breadcrumb"},"inLanguage":"en-US","potentialAction":[{"@type":"ReadAction","target":["https:\/\/www.leibniz-inm.de\/en\/board-of-trustees\/"]}]},{"@type":"BreadcrumbList","@id":"https:\/\/www.leibniz-inm.de\/en\/board-of-trustees\/#breadcrumb","itemListElement":[{"@type":"ListItem","position":1,"name":"Home","item":"https:\/\/www.leibniz-inm.de\/en\/"},{"@type":"ListItem","position":2,"name":"Board of Trustees"}]},{"@type":"WebSite","@id":"https:\/\/www.leibniz-inm.de\/en\/#website","url":"https:\/\/www.leibniz-inm.de\/en\/","name":"INM","description":"","publisher":{"@id":"https:\/\/www.leibniz-inm.de\/en\/#organization"},"alternateName":"Leibniz Institute for New Materials","potentialAction":[{"@type":"SearchAction","target":{"@type":"EntryPoint","urlTemplate":"https:\/\/www.leibniz-inm.de\/en\/?s={search_term_string}"},"query-input":{"@type":"PropertyValueSpecification","valueRequired":true,"valueName":"search_term_string"}}],"inLanguage":"en-US"},{"@type":"Organization","@id":"https:\/\/www.leibniz-inm.de\/en\/#organization","name":"Leibniz Institute for New Materials","url":"https:\/\/www.leibniz-inm.de\/en\/","logo":{"@type":"ImageObject","inLanguage":"en-US","@id":"https:\/\/www.leibniz-inm.de\/en\/#\/schema\/logo\/image\/","url":"https:\/\/www.leibniz-inm.de\/wp-content\/uploads\/2024\/03\/INM-Logo-Regular_en.png","contentUrl":"https:\/\/www.leibniz-inm.de\/wp-content\/uploads\/2024\/03\/INM-Logo-Regular_en.png","width":1200,"height":1085,"caption":"Leibniz Institute for New Materials"},"image":{"@id":"https:\/\/www.leibniz-inm.de\/en\/#\/schema\/logo\/image\/"},"sameAs":["https:\/\/x.com\/Leibniz_INM","https:\/\/www.instagram.com\/leibniz_inm\/","https:\/\/www.youtube.com\/@leibniz_inm\/","https:\/\/www.linkedin.com\/company\/inm-leibniz-institute-for-new-materials\/","https:\/\/bsky.app\/profile\/leibnizinm.bsky.social"]}]}},"_links":{"self":[{"href":"https:\/\/www.leibniz-inm.de\/en\/wp-json\/wp\/v2\/pages\/32528","targetHints":{"allow":["GET"]}}],"collection":[{"href":"https:\/\/www.leibniz-inm.de\/en\/wp-json\/wp\/v2\/pages"}],"about":[{"href":"https:\/\/www.leibniz-inm.de\/en\/wp-json\/wp\/v2\/types\/page"}],"author":[{"embeddable":true,"href":"https:\/\/www.leibniz-inm.de\/en\/wp-json\/wp\/v2\/users\/2"}],"replies":[{"embeddable":true,"href":"https:\/\/www.leibniz-inm.de\/en\/wp-json\/wp\/v2\/comments?post=32528"}],"version-history":[{"count":8,"href":"https:\/\/www.leibniz-inm.de\/en\/wp-json\/wp\/v2\/pages\/32528\/revisions"}],"predecessor-version":[{"id":37351,"href":"https:\/\/www.leibniz-inm.de\/en\/wp-json\/wp\/v2\/pages\/32528\/revisions\/37351"}],"wp:attachment":[{"href":"https:\/\/www.leibniz-inm.de\/en\/wp-json\/wp\/v2\/media?parent=32528"}],"curies":[{"name":"wp","href":"https:\/\/api.w.org\/{rel}","templated":true}]}}