{"id":21929,"date":"2024-03-05T10:24:49","date_gmt":"2024-03-05T10:24:49","guid":{"rendered":"https:\/\/www.leibniz-inm.de\/?page_id=21929"},"modified":"2026-02-01T13:02:17","modified_gmt":"2026-02-01T13:02:17","slug":"imprint","status":"publish","type":"page","link":"https:\/\/www.leibniz-inm.de\/en\/imprint\/","title":{"rendered":"Imprint"},"content":{"rendered":"\n<p><strong>INM \u2013 Leibniz-Institute for New Materials gGmbH<\/strong><br>Campus D2 2<br>DE-66123 Saarbr\u00fccken<br>Germany<\/p>\n\n\n\n<p>Authorized representatives:<br>Scientific directors: Prof. Dr. Wilfried Weber (CEO) and Prof. Dr. Ar\u00e1nzazu del Campo B\u00e9cares<br>Business director: Michael Marx<\/p>\n\n\n\n<p>Phone +49 (0)681-9300-0<br>Fax +49 (0)681-9300-223<\/p>\n\n\n\n<p><a href=\"https:\/\/www.leibniz-inm.de\/en\/\">www.leibniz-inm.de<\/a><br><a href=\"mailto:contact@leibniz-inm.de\">contact@leibniz-inm.de<\/a><\/p>\n\n\n\n<p>Shareholder: Saarland University (51%) \/ Saarland (49%)<br>Chairwoman of the Board of Trustees: StS\u00b4in Elena Yorgova-Ramanauskas (Ministerium f\u00fcr Wirtschaft, Innovation, Digitales und Energie)<br>Registration court: Local court Saarbr\u00fccken<br>Registration number: HRB 8525<br>Sales tax identification number according to \u00a7 27 a Value Added Tax Act:&nbsp;<strong>DE 138167776<\/strong><\/p>\n\n\n\n<p>Capital fund: 100.000,-\u20ac<\/p>\n\n\n\n<p>Responsible for content: Prof. Dr. Ar\u00e1nzazu del Campo B\u00e9cares, Prof. Wilfried Weber, Michael Marx<\/p>\n\n\n\n<p>Editorial staff:<br>Christine Hartmann, Lars Knaack, Elke Bubel<br>INM \u2013 Leibniz-Institute for New Materials gGmbH<br>Campus D2 2<br>DE-66123 Saarbr\u00fccken<br>Germany<br><a href=\"mailto:internet@leibniz-inm.de\">internet@leibniz-inm.de<\/a><br><strong>Copyright \u00a9 2023 INM gGmbH. All rights reserved.<\/strong><\/p>\n\n\n\n<p><\/p>\n\n\n\n<p>Photography:<\/p>\n\n\n\n<ul class=\"wp-block-list\">\n<li>Uwe Bellh\u00e4user, das bilderwerk<br><a href=\"http:\/\/www.xn--uwe-bellhuser-jfb.com\/\">http:\/\/www.uwe-bellh\u00e4user.com<\/a><br><a href=\"mailto:mail@uwe-bellhaeuser.com\">mail@uwe-bellhaeuser.com<\/a><br>Copyright INM \u2013 Leibniz-Institute for New Materials gGmbH<\/li>\n\n\n\n<li>Iris Maurer<br><a href=\"http:\/\/www.silbersalz.com\/\">http:\/\/www.silbersalz.com\/<\/a><br>Copyright INM \u2013 Leibniz-Institut f\u00fcr Neue Materialien gGmbH<\/li>\n\n\n\n<li>Henrik Ollmann Fotografie<br><a href=\"https:\/\/ollmann-fotografie.de\/\" target=\"_blank\" rel=\"noreferrer noopener\">https:\/\/ollmann-fotografie.de<\/a><br>Copyright INM \u2013 Leibniz-Institut f\u00fcr Neue Materialien gGmbH<\/li>\n<\/ul>\n\n\n\n<p>All images and photos published on this website are subject to copyright. Their use without prior permission is prohibited. This applies especially to publishing in an electronic medium, also in an edited form.<\/p>\n\n\n\n<div style=\"height:100px\" aria-hidden=\"true\" class=\"wp-block-spacer\"><\/div>\n","protected":false},"excerpt":{"rendered":"<p>INM \u2013 Leibniz-Institute for New Materials gGmbHCampus D2 2DE-66123 Saarbr\u00fcckenGermany Authorized representatives:Scientific directors: Prof. Dr. Wilfried Weber (CEO) and Prof. Dr. Ar\u00e1nzazu del Campo B\u00e9caresBusiness director: Michael Marx Phone +49 (0)681-9300-0Fax +49 (0)681-9300-223 www.leibniz-inm.decontact@leibniz-inm.de Shareholder: Saarland University (51%) \/ Saarland (49%)Chairwoman of the Board of Trustees: StS\u00b4in Elena Yorgova-Ramanauskas (Ministerium f\u00fcr Wirtschaft, Innovation, Digitales und [&hellip;]<\/p>\n","protected":false},"author":1,"featured_media":0,"parent":0,"menu_order":0,"comment_status":"closed","ping_status":"closed","template":"","meta":{"_acf_changed":false,"footnotes":""},"class_list":["post-21929","page","type-page","status-publish","hentry"],"acf":[],"yoast_head":"<!-- This site is optimized with the Yoast SEO plugin v27.3 - https:\/\/yoast.com\/product\/yoast-seo-wordpress\/ -->\n<title>Imprint - INM<\/title>\n<meta name=\"description\" content=\"Imprint \u2013 Eine Seite des Leibniz-Instituts f\u00fcr Neue Materialien (INM).\" \/>\n<meta name=\"robots\" content=\"index, follow, max-snippet:-1, max-image-preview:large, max-video-preview:-1\" \/>\n<link rel=\"canonical\" href=\"https:\/\/www.leibniz-inm.de\/en\/imprint\/\" \/>\n<meta property=\"og:locale\" content=\"en_US\" \/>\n<meta property=\"og:type\" content=\"article\" \/>\n<meta property=\"og:title\" content=\"Imprint - INM\" \/>\n<meta property=\"og:description\" content=\"Imprint \u2013 Eine Seite des Leibniz-Instituts f\u00fcr Neue Materialien (INM).\" \/>\n<meta property=\"og:url\" content=\"https:\/\/www.leibniz-inm.de\/en\/imprint\/\" \/>\n<meta property=\"og:site_name\" content=\"INM\" \/>\n<meta property=\"article:modified_time\" content=\"2026-02-01T13:02:17+00:00\" \/>\n<meta property=\"og:image\" content=\"https:\/\/www.leibniz-inm.de\/wp-content\/uploads\/2024\/03\/INM-Logo-Regular_en.png\" \/>\n\t<meta property=\"og:image:width\" content=\"1200\" \/>\n\t<meta property=\"og:image:height\" content=\"1085\" \/>\n\t<meta property=\"og:image:type\" content=\"image\/png\" \/>\n<meta name=\"twitter:card\" content=\"summary_large_image\" \/>\n<meta name=\"twitter:site\" content=\"@Leibniz_INM\" \/>\n<meta name=\"twitter:label1\" content=\"Est. reading time\" \/>\n\t<meta name=\"twitter:data1\" content=\"2 minutes\" \/>\n<script type=\"application\/ld+json\" class=\"yoast-schema-graph\">{\"@context\":\"https:\\\/\\\/schema.org\",\"@graph\":[{\"@type\":\"WebPage\",\"@id\":\"https:\\\/\\\/www.leibniz-inm.de\\\/en\\\/imprint\\\/\",\"url\":\"https:\\\/\\\/www.leibniz-inm.de\\\/en\\\/imprint\\\/\",\"name\":\"Imprint - INM\",\"isPartOf\":{\"@id\":\"https:\\\/\\\/www.leibniz-inm.de\\\/en\\\/#website\"},\"datePublished\":\"2024-03-05T10:24:49+00:00\",\"dateModified\":\"2026-02-01T13:02:17+00:00\",\"description\":\"Imprint \u2013 Eine Seite des Leibniz-Instituts f\u00fcr Neue Materialien (INM).\",\"breadcrumb\":{\"@id\":\"https:\\\/\\\/www.leibniz-inm.de\\\/en\\\/imprint\\\/#breadcrumb\"},\"inLanguage\":\"en-US\",\"potentialAction\":[{\"@type\":\"ReadAction\",\"target\":[\"https:\\\/\\\/www.leibniz-inm.de\\\/en\\\/imprint\\\/\"]}]},{\"@type\":\"BreadcrumbList\",\"@id\":\"https:\\\/\\\/www.leibniz-inm.de\\\/en\\\/imprint\\\/#breadcrumb\",\"itemListElement\":[{\"@type\":\"ListItem\",\"position\":1,\"name\":\"Home\",\"item\":\"https:\\\/\\\/www.leibniz-inm.de\\\/en\\\/\"},{\"@type\":\"ListItem\",\"position\":2,\"name\":\"Imprint\"}]},{\"@type\":\"WebSite\",\"@id\":\"https:\\\/\\\/www.leibniz-inm.de\\\/en\\\/#website\",\"url\":\"https:\\\/\\\/www.leibniz-inm.de\\\/en\\\/\",\"name\":\"INM\",\"description\":\"\",\"publisher\":{\"@id\":\"https:\\\/\\\/www.leibniz-inm.de\\\/en\\\/#organization\"},\"alternateName\":\"Leibniz Institute for New Materials\",\"potentialAction\":[{\"@type\":\"SearchAction\",\"target\":{\"@type\":\"EntryPoint\",\"urlTemplate\":\"https:\\\/\\\/www.leibniz-inm.de\\\/en\\\/?s={search_term_string}\"},\"query-input\":{\"@type\":\"PropertyValueSpecification\",\"valueRequired\":true,\"valueName\":\"search_term_string\"}}],\"inLanguage\":\"en-US\"},{\"@type\":\"Organization\",\"@id\":\"https:\\\/\\\/www.leibniz-inm.de\\\/en\\\/#organization\",\"name\":\"Leibniz Institute for New Materials\",\"url\":\"https:\\\/\\\/www.leibniz-inm.de\\\/en\\\/\",\"logo\":{\"@type\":\"ImageObject\",\"inLanguage\":\"en-US\",\"@id\":\"https:\\\/\\\/www.leibniz-inm.de\\\/en\\\/#\\\/schema\\\/logo\\\/image\\\/\",\"url\":\"https:\\\/\\\/www.leibniz-inm.de\\\/wp-content\\\/uploads\\\/2024\\\/03\\\/INM-Logo-Regular_en.png\",\"contentUrl\":\"https:\\\/\\\/www.leibniz-inm.de\\\/wp-content\\\/uploads\\\/2024\\\/03\\\/INM-Logo-Regular_en.png\",\"width\":1200,\"height\":1085,\"caption\":\"Leibniz Institute for New Materials\"},\"image\":{\"@id\":\"https:\\\/\\\/www.leibniz-inm.de\\\/en\\\/#\\\/schema\\\/logo\\\/image\\\/\"},\"sameAs\":[\"https:\\\/\\\/x.com\\\/Leibniz_INM\",\"https:\\\/\\\/www.instagram.com\\\/leibniz_inm\\\/\",\"https:\\\/\\\/www.youtube.com\\\/@leibniz_inm\\\/\",\"https:\\\/\\\/www.linkedin.com\\\/company\\\/inm-leibniz-institute-for-new-materials\\\/\",\"https:\\\/\\\/bsky.app\\\/profile\\\/leibnizinm.bsky.social\"]}]}<\/script>\n<!-- \/ Yoast SEO plugin. -->","yoast_head_json":{"title":"Imprint - INM","description":"Imprint \u2013 Eine Seite des Leibniz-Instituts f\u00fcr Neue Materialien (INM).","robots":{"index":"index","follow":"follow","max-snippet":"max-snippet:-1","max-image-preview":"max-image-preview:large","max-video-preview":"max-video-preview:-1"},"canonical":"https:\/\/www.leibniz-inm.de\/en\/imprint\/","og_locale":"en_US","og_type":"article","og_title":"Imprint - INM","og_description":"Imprint \u2013 Eine Seite des Leibniz-Instituts f\u00fcr Neue Materialien (INM).","og_url":"https:\/\/www.leibniz-inm.de\/en\/imprint\/","og_site_name":"INM","article_modified_time":"2026-02-01T13:02:17+00:00","og_image":[{"width":1200,"height":1085,"url":"https:\/\/www.leibniz-inm.de\/wp-content\/uploads\/2024\/03\/INM-Logo-Regular_en.png","type":"image\/png"}],"twitter_card":"summary_large_image","twitter_site":"@Leibniz_INM","twitter_misc":{"Est. reading time":"2 minutes"},"schema":{"@context":"https:\/\/schema.org","@graph":[{"@type":"WebPage","@id":"https:\/\/www.leibniz-inm.de\/en\/imprint\/","url":"https:\/\/www.leibniz-inm.de\/en\/imprint\/","name":"Imprint - INM","isPartOf":{"@id":"https:\/\/www.leibniz-inm.de\/en\/#website"},"datePublished":"2024-03-05T10:24:49+00:00","dateModified":"2026-02-01T13:02:17+00:00","description":"Imprint \u2013 Eine Seite des Leibniz-Instituts f\u00fcr Neue Materialien (INM).","breadcrumb":{"@id":"https:\/\/www.leibniz-inm.de\/en\/imprint\/#breadcrumb"},"inLanguage":"en-US","potentialAction":[{"@type":"ReadAction","target":["https:\/\/www.leibniz-inm.de\/en\/imprint\/"]}]},{"@type":"BreadcrumbList","@id":"https:\/\/www.leibniz-inm.de\/en\/imprint\/#breadcrumb","itemListElement":[{"@type":"ListItem","position":1,"name":"Home","item":"https:\/\/www.leibniz-inm.de\/en\/"},{"@type":"ListItem","position":2,"name":"Imprint"}]},{"@type":"WebSite","@id":"https:\/\/www.leibniz-inm.de\/en\/#website","url":"https:\/\/www.leibniz-inm.de\/en\/","name":"INM","description":"","publisher":{"@id":"https:\/\/www.leibniz-inm.de\/en\/#organization"},"alternateName":"Leibniz Institute for New Materials","potentialAction":[{"@type":"SearchAction","target":{"@type":"EntryPoint","urlTemplate":"https:\/\/www.leibniz-inm.de\/en\/?s={search_term_string}"},"query-input":{"@type":"PropertyValueSpecification","valueRequired":true,"valueName":"search_term_string"}}],"inLanguage":"en-US"},{"@type":"Organization","@id":"https:\/\/www.leibniz-inm.de\/en\/#organization","name":"Leibniz Institute for New Materials","url":"https:\/\/www.leibniz-inm.de\/en\/","logo":{"@type":"ImageObject","inLanguage":"en-US","@id":"https:\/\/www.leibniz-inm.de\/en\/#\/schema\/logo\/image\/","url":"https:\/\/www.leibniz-inm.de\/wp-content\/uploads\/2024\/03\/INM-Logo-Regular_en.png","contentUrl":"https:\/\/www.leibniz-inm.de\/wp-content\/uploads\/2024\/03\/INM-Logo-Regular_en.png","width":1200,"height":1085,"caption":"Leibniz Institute for New Materials"},"image":{"@id":"https:\/\/www.leibniz-inm.de\/en\/#\/schema\/logo\/image\/"},"sameAs":["https:\/\/x.com\/Leibniz_INM","https:\/\/www.instagram.com\/leibniz_inm\/","https:\/\/www.youtube.com\/@leibniz_inm\/","https:\/\/www.linkedin.com\/company\/inm-leibniz-institute-for-new-materials\/","https:\/\/bsky.app\/profile\/leibnizinm.bsky.social"]}]}},"_links":{"self":[{"href":"https:\/\/www.leibniz-inm.de\/en\/wp-json\/wp\/v2\/pages\/21929","targetHints":{"allow":["GET"]}}],"collection":[{"href":"https:\/\/www.leibniz-inm.de\/en\/wp-json\/wp\/v2\/pages"}],"about":[{"href":"https:\/\/www.leibniz-inm.de\/en\/wp-json\/wp\/v2\/types\/page"}],"author":[{"embeddable":true,"href":"https:\/\/www.leibniz-inm.de\/en\/wp-json\/wp\/v2\/users\/1"}],"replies":[{"embeddable":true,"href":"https:\/\/www.leibniz-inm.de\/en\/wp-json\/wp\/v2\/comments?post=21929"}],"version-history":[{"count":6,"href":"https:\/\/www.leibniz-inm.de\/en\/wp-json\/wp\/v2\/pages\/21929\/revisions"}],"predecessor-version":[{"id":44993,"href":"https:\/\/www.leibniz-inm.de\/en\/wp-json\/wp\/v2\/pages\/21929\/revisions\/44993"}],"wp:attachment":[{"href":"https:\/\/www.leibniz-inm.de\/en\/wp-json\/wp\/v2\/media?parent=21929"}],"curies":[{"name":"wp","href":"https:\/\/api.w.org\/{rel}","templated":true}]}}